{"id":4516,"date":"2025-12-04T17:21:03","date_gmt":"2025-12-04T17:21:03","guid":{"rendered":"https:\/\/desdezero.com.co\/indepack\/product\/anillos-unibol-para-linea-de-vapor\/"},"modified":"2025-12-04T17:21:03","modified_gmt":"2025-12-04T17:21:03","slug":"anillos-unibol-para-linea-de-vapor","status":"publish","type":"product","link":"https:\/\/desdezero.com.co\/indepack\/product\/anillos-unibol-para-linea-de-vapor\/","title":{"rendered":"Anillos unibol para linea de vapor"},"content":{"rendered":"<p>Sellos y anillos en aleaci\u00f3n bronce para acoples r\u00e1pidos UNIBOLT y v\u00e1lvulas de paso, vapor y tuber\u00eda paso de nitr\u00f3geno.<\/p>\n<p>Ficha t\u00e9cnica: Bronce en aleaci\u00f3n SAE 65, que permite propiedades mec\u00e1nicas superiores.<\/p>\n","protected":false},"excerpt":{"rendered":"<p>Sellos y anillos en aleaci\u00f3n bronce para acoples r\u00e1pidos UNIBOLT y v\u00e1lvulas de paso, vapor y tuber\u00eda paso de nitr\u00f3geno.<\/p>\n<p>Ficha t\u00e9cnica: Bronce en aleaci\u00f3n SAE 65, que permite propiedades mec\u00e1nicas superiores.<\/p>\n","protected":false},"featured_media":0,"comment_status":"open","ping_status":"closed","template":"","meta":{"_monsterinsights_skip_tracking":false,"_monsterinsights_sitenote_active":false,"_monsterinsights_sitenote_note":"","_monsterinsights_sitenote_category":0},"product_brand":[],"product_cat":[33],"product_tag":[],"class_list":{"0":"post-4516","1":"product","2":"type-product","3":"status-publish","5":"product_cat-sector-hidrocarburos","7":"first","8":"instock","9":"shipping-taxable","10":"product-type-simple"},"aioseo_notices":[],"_links":{"self":[{"href":"https:\/\/desdezero.com.co\/indepack\/wp-json\/wp\/v2\/product\/4516","targetHints":{"allow":["GET"]}}],"collection":[{"href":"https:\/\/desdezero.com.co\/indepack\/wp-json\/wp\/v2\/product"}],"about":[{"href":"https:\/\/desdezero.com.co\/indepack\/wp-json\/wp\/v2\/types\/product"}],"replies":[{"embeddable":true,"href":"https:\/\/desdezero.com.co\/indepack\/wp-json\/wp\/v2\/comments?post=4516"}],"wp:attachment":[{"href":"https:\/\/desdezero.com.co\/indepack\/wp-json\/wp\/v2\/media?parent=4516"}],"wp:term":[{"taxonomy":"product_brand","embeddable":true,"href":"https:\/\/desdezero.com.co\/indepack\/wp-json\/wp\/v2\/product_brand?post=4516"},{"taxonomy":"product_cat","embeddable":true,"href":"https:\/\/desdezero.com.co\/indepack\/wp-json\/wp\/v2\/product_cat?post=4516"},{"taxonomy":"product_tag","embeddable":true,"href":"https:\/\/desdezero.com.co\/indepack\/wp-json\/wp\/v2\/product_tag?post=4516"}],"curies":[{"name":"wp","href":"https:\/\/api.w.org\/{rel}","templated":true}]}}