{"id":4519,"date":"2025-12-04T17:21:08","date_gmt":"2025-12-04T17:21:08","guid":{"rendered":"https:\/\/desdezero.com.co\/indepack\/product\/sellos-retenedores-alma-metalica\/"},"modified":"2025-12-04T17:21:08","modified_gmt":"2025-12-04T17:21:08","slug":"sellos-retenedores-alma-metalica","status":"publish","type":"product","link":"https:\/\/desdezero.com.co\/indepack\/product\/sellos-retenedores-alma-metalica\/","title":{"rendered":"Sellos retenedores alma met\u00e1lica"},"content":{"rendered":"<p>Somos fabricantes de sellos retenedores tipo polipack para aplicaciones industriales en sistemas hidr\u00e1ulicos y neum\u00e1ticos con doble labio.<br \/>\nLas tareas principales de los sellos hidr\u00e1ulicos son retener fluidos hidr\u00e1ulicos, excluir contaminaciones s\u00f3lidas o l\u00edquidas, mantener la alineaci\u00f3n de varillas, pistones y mantener la presi\u00f3n hidr\u00e1ulica.<br \/>\nCuerpo met\u00e1lico cubierto con elast\u00f3mero e interior con resorte o muelle para asegurar la estanqueidad del fluido.<\/p>\n<p>Ficha t\u00e9cnica: Materiales como: Viton, EPDM, NBR, con alma met\u00e1lica, seg\u00fan sus necesidades.<\/p>\n","protected":false},"excerpt":{"rendered":"<p>Somos fabricantes de sellos retenedores tipo polipack para aplicaciones industriales en sistemas hidr\u00e1ulicos y neum\u00e1ticos con doble labio.<br \/>\nLas tareas principales de los sellos hidr\u00e1ulicos son retener fluidos hidr\u00e1ulicos, excluir contaminaci<\/p>\n","protected":false},"featured_media":0,"comment_status":"open","ping_status":"closed","template":"","meta":{"_monsterinsights_skip_tracking":false,"_monsterinsights_sitenote_active":false,"_monsterinsights_sitenote_note":"","_monsterinsights_sitenote_category":0},"product_brand":[],"product_cat":[33],"product_tag":[],"class_list":{"0":"post-4519","1":"product","2":"type-product","3":"status-publish","5":"product_cat-sector-hidrocarburos","7":"first","8":"instock","9":"shipping-taxable","10":"product-type-simple"},"aioseo_notices":[],"_links":{"self":[{"href":"https:\/\/desdezero.com.co\/indepack\/wp-json\/wp\/v2\/product\/4519","targetHints":{"allow":["GET"]}}],"collection":[{"href":"https:\/\/desdezero.com.co\/indepack\/wp-json\/wp\/v2\/product"}],"about":[{"href":"https:\/\/desdezero.com.co\/indepack\/wp-json\/wp\/v2\/types\/product"}],"replies":[{"embeddable":true,"href":"https:\/\/desdezero.com.co\/indepack\/wp-json\/wp\/v2\/comments?post=4519"}],"wp:attachment":[{"href":"https:\/\/desdezero.com.co\/indepack\/wp-json\/wp\/v2\/media?parent=4519"}],"wp:term":[{"taxonomy":"product_brand","embeddable":true,"href":"https:\/\/desdezero.com.co\/indepack\/wp-json\/wp\/v2\/product_brand?post=4519"},{"taxonomy":"product_cat","embeddable":true,"href":"https:\/\/desdezero.com.co\/indepack\/wp-json\/wp\/v2\/product_cat?post=4519"},{"taxonomy":"product_tag","embeddable":true,"href":"https:\/\/desdezero.com.co\/indepack\/wp-json\/wp\/v2\/product_tag?post=4519"}],"curies":[{"name":"wp","href":"https:\/\/api.w.org\/{rel}","templated":true}]}}