{"id":4520,"date":"2025-12-04T17:21:08","date_gmt":"2025-12-04T17:21:08","guid":{"rendered":"https:\/\/desdezero.com.co\/indepack\/product\/sellos-retenedores-tipo-polipack\/"},"modified":"2025-12-04T17:21:08","modified_gmt":"2025-12-04T17:21:08","slug":"sellos-retenedores-tipo-polipack","status":"publish","type":"product","link":"https:\/\/desdezero.com.co\/indepack\/product\/sellos-retenedores-tipo-polipack\/","title":{"rendered":"SELLOS RETENEDORES TIPO POLIPACK"},"content":{"rendered":"<p>Los sistemas neum\u00e1ticos e hidr\u00e1ulicos en su sistema de acci\u00f3n deben tener un sello entre la camisa \u2013 pist\u00f3n \u2013 tapa, para tener los fluidos retenidos, para estos casos se utiliza un sello con doble labio (exterior-interior) para que cuando haga su funci\u00f3n, el fluido se retenga en la camisa y est\u00e9 en movimiento al lado del pist\u00f3n.<br \/>\nHay algunos que llevan en la cavidad un resorte met\u00e1lico para mayor retenci\u00f3n y otros un &#8220;O&#8221; ring que sirve para expandir.<\/p>\n<p>Ficha t\u00e9cnica: Estos son dise\u00f1ados para trabajar en condiciones extremas: temperatura- fricci\u00f3n \u2013 presi\u00f3n \u2013 abrasi\u00f3n.<\/p>\n<p>Se fabrican en VIT\u00d3N,NBR,Silicona, Nitrilo, Tefl\u00f3n, Nylon y UHMW.<\/p>\n","protected":false},"excerpt":{"rendered":"<p>Los sistemas neum\u00e1ticos e hidr\u00e1ulicos en su sistema de acci\u00f3n deben tener un sello entre la camisa \u2013 pist\u00f3n \u2013 tapa, para tener los fluidos retenidos, para estos casos se utiliza un sello con doble labio (exterior-interior) para que cuando h<\/p>\n","protected":false},"featured_media":0,"comment_status":"open","ping_status":"closed","template":"","meta":{"_monsterinsights_skip_tracking":false,"_monsterinsights_sitenote_active":false,"_monsterinsights_sitenote_note":"","_monsterinsights_sitenote_category":0},"product_brand":[],"product_cat":[33],"product_tag":[],"class_list":{"0":"post-4520","1":"product","2":"type-product","3":"status-publish","5":"product_cat-sector-hidrocarburos","7":"first","8":"instock","9":"shipping-taxable","10":"product-type-simple"},"aioseo_notices":[],"_links":{"self":[{"href":"https:\/\/desdezero.com.co\/indepack\/wp-json\/wp\/v2\/product\/4520","targetHints":{"allow":["GET"]}}],"collection":[{"href":"https:\/\/desdezero.com.co\/indepack\/wp-json\/wp\/v2\/product"}],"about":[{"href":"https:\/\/desdezero.com.co\/indepack\/wp-json\/wp\/v2\/types\/product"}],"replies":[{"embeddable":true,"href":"https:\/\/desdezero.com.co\/indepack\/wp-json\/wp\/v2\/comments?post=4520"}],"wp:attachment":[{"href":"https:\/\/desdezero.com.co\/indepack\/wp-json\/wp\/v2\/media?parent=4520"}],"wp:term":[{"taxonomy":"product_brand","embeddable":true,"href":"https:\/\/desdezero.com.co\/indepack\/wp-json\/wp\/v2\/product_brand?post=4520"},{"taxonomy":"product_cat","embeddable":true,"href":"https:\/\/desdezero.com.co\/indepack\/wp-json\/wp\/v2\/product_cat?post=4520"},{"taxonomy":"product_tag","embeddable":true,"href":"https:\/\/desdezero.com.co\/indepack\/wp-json\/wp\/v2\/product_tag?post=4520"}],"curies":[{"name":"wp","href":"https:\/\/api.w.org\/{rel}","templated":true}]}}