{"id":15321,"date":"2025-02-05T00:26:28","date_gmt":"2025-02-05T00:26:28","guid":{"rendered":"https:\/\/desdezero.com.co\/mha2025\/?page_id=15321"},"modified":"2025-02-05T12:17:52","modified_gmt":"2025-02-05T12:17:52","slug":"instalacion-y-servicio-tecnico","status":"publish","type":"page","link":"https:\/\/desdezero.com.co\/mha2025\/instalacion-y-servicio-tecnico\/","title":{"rendered":"Instalaci\u00f3n y servicio t\u00e9cnico"},"content":{"rendered":"\t\t<div data-elementor-type=\"wp-page\" data-elementor-id=\"15321\" class=\"elementor elementor-15321\">\n\t\t\t\t<div class=\"elementor-element elementor-element-630571e4 e-con-full header-v14 e-flex e-con e-parent\" data-id=\"630571e4\" data-element_type=\"container\">\n\t\t<div class=\"elementor-element elementor-element-76b03292 e-flex e-con-boxed e-con e-child\" data-id=\"76b03292\" data-element_type=\"container\">\n\t\t\t\t\t<div class=\"e-con-inner\">\n\t\t<div class=\"elementor-element elementor-element-3d57a041 e-con-full e-flex e-con e-child\" data-id=\"3d57a041\" data-element_type=\"container\">\n\t\t\t\t<div class=\"elementor-element elementor-element-46806d1d elementor-widget elementor-widget-heading\" data-id=\"46806d1d\" data-element_type=\"widget\" data-widget_type=\"heading.default\">\n\t\t\t\t<div class=\"elementor-widget-container\">\n\t\t\t\t\t<h2 class=\"elementor-heading-title elementor-size-default\">Soporte Humano<\/h2>\t\t\t\t<\/div>\n\t\t\t\t<\/div>\n\t\t\t\t<div class=\"elementor-element elementor-element-266c1427 elementor-widget elementor-widget-heading\" data-id=\"266c1427\" data-element_type=\"widget\" data-widget_type=\"heading.default\">\n\t\t\t\t<div class=\"elementor-widget-container\">\n\t\t\t\t\t<p class=\"elementor-heading-title elementor-size-default\">MHA Colombia es una empresa que cuenta con un gran soporte humano y tecnol\u00f3gico, el cual le permite ofrecer a todos sus clientes y socios comerciales la posibilidad de prestar el servicio de instalaci\u00f3n y soporte t\u00e9cnico, extendiendo as\u00ed la vida \u00fatil de nuestros productos y logrando la satisfacci\u00f3n de nuestros consumidores.\n\nPor medio de este servicio, lo que busca MHA Colombia es la satisfacci\u00f3n del cliente con nuestros productos, ya que en la mayor\u00eda de las ocasiones las fallas presentadas en los mecanismos se deben a una mala instalaci\u00f3n o una indebida asesor\u00eda.<\/p>\t\t\t\t<\/div>\n\t\t\t\t<\/div>\n\t\t\t\t<\/div>\n\t\t<div class=\"elementor-element elementor-element-193ba9a e-con-full e-flex e-con e-child\" data-id=\"193ba9a\" data-element_type=\"container\">\n\t\t\t\t<div class=\"elementor-element elementor-element-3ca118ee elementor-widget elementor-widget-image\" data-id=\"3ca118ee\" data-element_type=\"widget\" data-widget_type=\"image.default\">\n\t\t\t\t<div class=\"elementor-widget-container\">\n\t\t\t\t\t\t\t\t\t\t\t\t\t\t\t<img fetchpriority=\"high\" decoding=\"async\" width=\"2048\" height=\"883\" src=\"https:\/\/i0.wp.com\/desdezero.com.co\/mha2025\/wp-content\/uploads\/2025\/02\/instalacion-4.jpg?fit=2048%2C883&amp;ssl=1\" class=\"attachment-full size-full wp-image-15326\" alt=\"\" srcset=\"https:\/\/i0.wp.com\/desdezero.com.co\/mha2025\/wp-content\/uploads\/2025\/02\/instalacion-4.jpg?w=2048&amp;ssl=1 2048w, https:\/\/i0.wp.com\/desdezero.com.co\/mha2025\/wp-content\/uploads\/2025\/02\/instalacion-4.jpg?resize=300%2C129&amp;ssl=1 300w, https:\/\/i0.wp.com\/desdezero.com.co\/mha2025\/wp-content\/uploads\/2025\/02\/instalacion-4.jpg?resize=1024%2C442&amp;ssl=1 1024w, https:\/\/i0.wp.com\/desdezero.com.co\/mha2025\/wp-content\/uploads\/2025\/02\/instalacion-4.jpg?resize=768%2C331&amp;ssl=1 768w, https:\/\/i0.wp.com\/desdezero.com.co\/mha2025\/wp-content\/uploads\/2025\/02\/instalacion-4.jpg?resize=1536%2C662&amp;ssl=1 1536w, https:\/\/i0.wp.com\/desdezero.com.co\/mha2025\/wp-content\/uploads\/2025\/02\/instalacion-4.jpg?resize=600%2C259&amp;ssl=1 600w\" sizes=\"(max-width: 1170px) 100vw, 1170px\" \/>\t\t\t\t\t\t\t\t\t\t\t\t\t\t\t<\/div>\n\t\t\t\t<\/div>\n\t\t\t\t<\/div>\n\t\t\t\t\t<\/div>\n\t\t\t\t<\/div>\n\t\t\t\t<\/div>\n\t\t<div class=\"elementor-element elementor-element-2f5de9a e-flex e-con-boxed e-con e-parent\" data-id=\"2f5de9a\" data-element_type=\"container\">\n\t\t\t\t\t<div class=\"e-con-inner\">\n\t\t<div class=\"elementor-element elementor-element-3ad224e e-con-full e-flex e-con e-child\" data-id=\"3ad224e\" data-element_type=\"container\">\n\t\t\t\t<div class=\"elementor-element elementor-element-10428ff elementor-widget elementor-widget-image\" data-id=\"10428ff\" data-element_type=\"widget\" data-widget_type=\"image.default\">\n\t\t\t\t<div class=\"elementor-widget-container\">\n\t\t\t\t\t\t\t\t\t\t\t\t\t\t\t<img decoding=\"async\" width=\"640\" height=\"459\" src=\"https:\/\/i0.wp.com\/desdezero.com.co\/mha2025\/wp-content\/uploads\/2025\/02\/2.jpg?fit=640%2C459&amp;ssl=1\" class=\"attachment-full size-full wp-image-15328\" alt=\"\" srcset=\"https:\/\/i0.wp.com\/desdezero.com.co\/mha2025\/wp-content\/uploads\/2025\/02\/2.jpg?w=640&amp;ssl=1 640w, https:\/\/i0.wp.com\/desdezero.com.co\/mha2025\/wp-content\/uploads\/2025\/02\/2.jpg?resize=300%2C215&amp;ssl=1 300w, https:\/\/i0.wp.com\/desdezero.com.co\/mha2025\/wp-content\/uploads\/2025\/02\/2.jpg?resize=600%2C430&amp;ssl=1 600w\" sizes=\"(max-width: 640px) 100vw, 640px\" \/>\t\t\t\t\t\t\t\t\t\t\t\t\t\t\t<\/div>\n\t\t\t\t<\/div>\n\t\t\t\t<\/div>\n\t\t<div class=\"elementor-element elementor-element-981ea71 e-con-full e-flex e-con e-child\" data-id=\"981ea71\" data-element_type=\"container\">\n\t\t\t\t<div class=\"elementor-element elementor-element-de206f0 elementor-widget elementor-widget-heading\" data-id=\"de206f0\" data-element_type=\"widget\" data-widget_type=\"heading.default\">\n\t\t\t\t<div class=\"elementor-widget-container\">\n\t\t\t\t\t<h2 class=\"elementor-heading-title elementor-size-default\">Cualidades que\nsoportan nuestro servicio<\/h2>\t\t\t\t<\/div>\n\t\t\t\t<\/div>\n\t\t\t\t<div class=\"elementor-element elementor-element-b8de8a5 elementor-icon-list--layout-traditional elementor-list-item-link-full_width elementor-widget elementor-widget-icon-list\" data-id=\"b8de8a5\" data-element_type=\"widget\" data-widget_type=\"icon-list.default\">\n\t\t\t\t<div class=\"elementor-widget-container\">\n\t\t\t\t\t\t\t<ul class=\"elementor-icon-list-items\">\n\t\t\t\t\t\t\t<li class=\"elementor-icon-list-item\">\n\t\t\t\t\t\t\t\t\t\t\t<span class=\"elementor-icon-list-icon\">\n\t\t\t\t\t\t\t<svg aria-hidden=\"true\" class=\"e-font-icon-svg e-fas-chevron-right\" viewBox=\"0 0 320 512\" xmlns=\"http:\/\/www.w3.org\/2000\/svg\"><path d=\"M285.476 272.971L91.132 467.314c-9.373 9.373-24.569 9.373-33.941 0l-22.667-22.667c-9.357-9.357-9.375-24.522-.04-33.901L188.505 256 34.484 101.255c-9.335-9.379-9.317-24.544.04-33.901l22.667-22.667c9.373-9.373 24.569-9.373 33.941 0L285.475 239.03c9.373 9.372 9.373 24.568.001 33.941z\"><\/path><\/svg>\t\t\t\t\t\t<\/span>\n\t\t\t\t\t\t\t\t\t\t<span class=\"elementor-icon-list-text\">Contamos con personal experto en la instalaci\u00f3n de cerraduras para mediana y alta seguridad.<\/span>\n\t\t\t\t\t\t\t\t\t<\/li>\n\t\t\t\t\t\t\t\t<li class=\"elementor-icon-list-item\">\n\t\t\t\t\t\t\t\t\t\t\t<span class=\"elementor-icon-list-icon\">\n\t\t\t\t\t\t\t<svg aria-hidden=\"true\" class=\"e-font-icon-svg e-fas-chevron-right\" viewBox=\"0 0 320 512\" xmlns=\"http:\/\/www.w3.org\/2000\/svg\"><path d=\"M285.476 272.971L91.132 467.314c-9.373 9.373-24.569 9.373-33.941 0l-22.667-22.667c-9.357-9.357-9.375-24.522-.04-33.901L188.505 256 34.484 101.255c-9.335-9.379-9.317-24.544.04-33.901l22.667-22.667c9.373-9.373 24.569-9.373 33.941 0L285.475 239.03c9.373 9.372 9.373 24.568.001 33.941z\"><\/path><\/svg>\t\t\t\t\t\t<\/span>\n\t\t\t\t\t\t\t\t\t\t<span class=\"elementor-icon-list-text\">Realizamos asesor\u00edas t\u00e9cnicas, frente a cualquier inquietud que se le pueda presentar al cliente.<\/span>\n\t\t\t\t\t\t\t\t\t<\/li>\n\t\t\t\t\t\t\t\t<li class=\"elementor-icon-list-item\">\n\t\t\t\t\t\t\t\t\t\t\t<span class=\"elementor-icon-list-icon\">\n\t\t\t\t\t\t\t<svg aria-hidden=\"true\" class=\"e-font-icon-svg e-fas-chevron-right\" viewBox=\"0 0 320 512\" xmlns=\"http:\/\/www.w3.org\/2000\/svg\"><path d=\"M285.476 272.971L91.132 467.314c-9.373 9.373-24.569 9.373-33.941 0l-22.667-22.667c-9.357-9.357-9.375-24.522-.04-33.901L188.505 256 34.484 101.255c-9.335-9.379-9.317-24.544.04-33.901l22.667-22.667c9.373-9.373 24.569-9.373 33.941 0L285.475 239.03c9.373 9.372 9.373 24.568.001 33.941z\"><\/path><\/svg>\t\t\t\t\t\t<\/span>\n\t\t\t\t\t\t\t\t\t\t<span class=\"elementor-icon-list-text\">Contamos con toda la experticia frente a situaciones de soporte t\u00e9cnico y modificaciones que se presenten en la instalaci\u00f3n de nuestros productos.<\/span>\n\t\t\t\t\t\t\t\t\t<\/li>\n\t\t\t\t\t\t<\/ul>\n\t\t\t\t\t\t<\/div>\n\t\t\t\t<\/div>\n\t\t\t\t<\/div>\n\t\t\t\t\t<\/div>\n\t\t\t\t<\/div>\n\t\t<div class=\"elementor-element elementor-element-ffcf8de e-flex e-con-boxed e-con e-parent\" data-id=\"ffcf8de\" data-element_type=\"container\">\n\t\t\t\t\t<div class=\"e-con-inner\">\n\t\t<div class=\"elementor-element elementor-element-6f6525e e-con-full e-flex e-con e-child\" data-id=\"6f6525e\" data-element_type=\"container\">\n\t\t\t\t<div class=\"elementor-element elementor-element-d47c768 elementor-widget elementor-widget-electro_elementor_product_tabs\" data-id=\"d47c768\" data-element_type=\"widget\" data-widget_type=\"electro_elementor_product_tabs.default\">\n\t\t\t\t<div class=\"elementor-widget-container\">\n\t\t\t\t\t<div class=\"products-carousel-tabs\" >\n\n\t<ul class=\"nav nav-inline\">\n\n\t\n\t<\/ul>\n\n\t<div class=\"tab-content\">\n\n\t\t\n\t<\/div>\n<\/div>\n\t\t\t\t<\/div>\n\t\t\t\t<\/div>\n\t\t\t\t<div class=\"elementor-element elementor-element-c2bcace elementor-widget elementor-widget-heading\" data-id=\"c2bcace\" data-element_type=\"widget\" data-widget_type=\"heading.default\">\n\t\t\t\t<div class=\"elementor-widget-container\">\n\t\t\t\t\t<h2 class=\"elementor-heading-title elementor-size-default\">Cualidades que\nsoportan nuestro servicio<\/h2>\t\t\t\t<\/div>\n\t\t\t\t<\/div>\n\t\t\t\t<div class=\"elementor-element elementor-element-5e23900 elementor-widget elementor-widget-heading\" data-id=\"5e23900\" data-element_type=\"widget\" data-widget_type=\"heading.default\">\n\t\t\t\t<div class=\"elementor-widget-container\">\n\t\t\t\t\t<p class=\"elementor-heading-title elementor-size-default\">Recuerde que si adquiri\u00f3 alguno de nuestros productos en los almacenes de grandes superficies o su ferreter\u00eda de confianza , podr\u00e1 gozar de los siguientes beneficios si contrata el servicio de instalaci\u00f3n con nosotros:<\/p>\t\t\t\t<\/div>\n\t\t\t\t<\/div>\n\t\t\t\t<\/div>\n\t\t\t\t\t<\/div>\n\t\t\t\t<\/div>\n\t\t<div class=\"elementor-element elementor-element-32a8520 e-con-full header-v14 bg-gray  e-flex e-con e-parent\" data-id=\"32a8520\" data-element_type=\"container\">\n\t\t<div class=\"elementor-element elementor-element-ffb80f5 bg-gray  e-flex e-con-boxed e-con e-child\" data-id=\"ffb80f5\" data-element_type=\"container\">\n\t\t\t\t\t<div class=\"e-con-inner\">\n\t\t<div class=\"elementor-element elementor-element-e1d5a05 e-con-full e-flex e-con e-child\" data-id=\"e1d5a05\" data-element_type=\"container\">\n\t\t\t\t<div class=\"elementor-element elementor-element-7908a2c elementor-view-default elementor-widget elementor-widget-icon\" data-id=\"7908a2c\" data-element_type=\"widget\" data-widget_type=\"icon.default\">\n\t\t\t\t<div class=\"elementor-widget-container\">\n\t\t\t\t\t\t\t<div class=\"elementor-icon-wrapper\">\n\t\t\t<div class=\"elementor-icon\">\n\t\t\t<svg aria-hidden=\"true\" class=\"e-font-icon-svg e-far-gem\" viewBox=\"0 0 576 512\" xmlns=\"http:\/\/www.w3.org\/2000\/svg\"><path d=\"M464 0H112c-4 0-7.8 2-10 5.4L2 152.6c-2.9 4.4-2.6 10.2.7 14.2l276 340.8c4.8 5.9 13.8 5.9 18.6 0l276-340.8c3.3-4.1 3.6-9.8.7-14.2L474.1 5.4C471.8 2 468.1 0 464 0zm-19.3 48l63.3 96h-68.4l-51.7-96h56.8zm-202.1 0h90.7l51.7 96H191l51.6-96zm-111.3 0h56.8l-51.7 96H68l63.3-96zm-43 144h51.4L208 352 88.3 192zm102.9 0h193.6L288 435.3 191.2 192zM368 352l68.2-160h51.4L368 352z\"><\/path><\/svg>\t\t\t<\/div>\n\t\t<\/div>\n\t\t\t\t\t\t<\/div>\n\t\t\t\t<\/div>\n\t\t<div class=\"elementor-element elementor-element-8bd37a2 e-con-full e-flex e-con e-child\" data-id=\"8bd37a2\" data-element_type=\"container\">\n\t\t<div class=\"elementor-element elementor-element-793b111 e-con-full e-flex e-con e-child\" data-id=\"793b111\" data-element_type=\"container\">\n\t\t\t\t<div class=\"elementor-element elementor-element-85c0e2e dark-logo-img elementor-widget elementor-widget-image\" data-id=\"85c0e2e\" data-element_type=\"widget\" data-widget_type=\"image.default\">\n\t\t\t\t<div class=\"elementor-widget-container\">\n\t\t\t\t\t\t\t\t\t\t\t\t\t\t\t<img data-recalc-dims=\"1\" decoding=\"async\" src=\"https:\/\/i0.wp.com\/desdezero.com.co\/mha2025\/wp-content\/plugins\/elementor\/assets\/images\/placeholder.png?w=1170&#038;ssl=1\" title=\"\" alt=\"\" loading=\"lazy\" \/>\t\t\t\t\t\t\t\t\t\t\t\t\t\t\t<\/div>\n\t\t\t\t<\/div>\n\t\t\t\t<\/div>\n\t\t<div class=\"elementor-element elementor-element-a6bcf8b e-con-full e-flex e-con e-child\" data-id=\"a6bcf8b\" data-element_type=\"container\">\n\t\t\t\t<div class=\"elementor-element elementor-element-3205a22 elementor-widget elementor-widget-heading\" data-id=\"3205a22\" data-element_type=\"widget\" data-widget_type=\"heading.default\">\n\t\t\t\t<div class=\"elementor-widget-container\">\n\t\t\t\t\t<h2 class=\"elementor-heading-title elementor-size-default\">Garant\u00eda<\/h2>\t\t\t\t<\/div>\n\t\t\t\t<\/div>\n\t\t\t\t<div class=\"elementor-element elementor-element-642d09e elementor-widget elementor-widget-heading\" data-id=\"642d09e\" data-element_type=\"widget\" data-widget_type=\"heading.default\">\n\t\t\t\t<div class=\"elementor-widget-container\">\n\t\t\t\t\t<h2 class=\"elementor-heading-title elementor-size-default\">Un a\u00f1o de garant\u00eda por instalaci\u00f3n con MHA Colombia<\/h2>\t\t\t\t<\/div>\n\t\t\t\t<\/div>\n\t\t\t\t<\/div>\n\t\t\t\t<\/div>\n\t\t\t\t<div class=\"elementor-element elementor-element-1917a29 elementor-view-default elementor-widget elementor-widget-icon\" data-id=\"1917a29\" data-element_type=\"widget\" data-widget_type=\"icon.default\">\n\t\t\t\t<div class=\"elementor-widget-container\">\n\t\t\t\t\t\t\t<div class=\"elementor-icon-wrapper\">\n\t\t\t<div class=\"elementor-icon\">\n\t\t\t<svg aria-hidden=\"true\" class=\"e-font-icon-svg e-far-folder\" viewBox=\"0 0 512 512\" xmlns=\"http:\/\/www.w3.org\/2000\/svg\"><path d=\"M464 128H272l-54.63-54.63c-6-6-14.14-9.37-22.63-9.37H48C21.49 64 0 85.49 0 112v288c0 26.51 21.49 48 48 48h416c26.51 0 48-21.49 48-48V176c0-26.51-21.49-48-48-48zm0 272H48V112h140.12l54.63 54.63c6 6 14.14 9.37 22.63 9.37H464v224z\"><\/path><\/svg>\t\t\t<\/div>\n\t\t<\/div>\n\t\t\t\t\t\t<\/div>\n\t\t\t\t<\/div>\n\t\t<div class=\"elementor-element elementor-element-960523d e-con-full e-flex e-con e-child\" data-id=\"960523d\" data-element_type=\"container\">\n\t\t<div class=\"elementor-element elementor-element-6d02cfc e-con-full e-flex e-con e-child\" data-id=\"6d02cfc\" data-element_type=\"container\">\n\t\t\t\t<div class=\"elementor-element elementor-element-11bd95d dark-logo-img elementor-widget elementor-widget-image\" data-id=\"11bd95d\" data-element_type=\"widget\" data-widget_type=\"image.default\">\n\t\t\t\t<div class=\"elementor-widget-container\">\n\t\t\t\t\t\t\t\t\t\t\t\t\t\t\t<img data-recalc-dims=\"1\" decoding=\"async\" src=\"https:\/\/i0.wp.com\/desdezero.com.co\/mha2025\/wp-content\/plugins\/elementor\/assets\/images\/placeholder.png?w=1170&#038;ssl=1\" title=\"\" alt=\"\" loading=\"lazy\" \/>\t\t\t\t\t\t\t\t\t\t\t\t\t\t\t<\/div>\n\t\t\t\t<\/div>\n\t\t\t\t<\/div>\n\t\t<div class=\"elementor-element elementor-element-ea37c92 e-con-full e-flex e-con e-child\" data-id=\"ea37c92\" data-element_type=\"container\">\n\t\t\t\t<div class=\"elementor-element elementor-element-89bef0e elementor-widget elementor-widget-heading\" data-id=\"89bef0e\" data-element_type=\"widget\" data-widget_type=\"heading.default\">\n\t\t\t\t<div class=\"elementor-widget-container\">\n\t\t\t\t\t<h2 class=\"elementor-heading-title elementor-size-default\">Mantenimiento<\/h2>\t\t\t\t<\/div>\n\t\t\t\t<\/div>\n\t\t\t\t<div class=\"elementor-element elementor-element-ca68a15 elementor-widget elementor-widget-heading\" data-id=\"ca68a15\" data-element_type=\"widget\" data-widget_type=\"heading.default\">\n\t\t\t\t<div class=\"elementor-widget-container\">\n\t\t\t\t\t<h2 class=\"elementor-heading-title elementor-size-default\">Creando as\u00ed una oferta robusta<\/h2>\t\t\t\t<\/div>\n\t\t\t\t<\/div>\n\t\t\t\t<\/div>\n\t\t\t\t<\/div>\n\t\t\t\t<div class=\"elementor-element elementor-element-ef13075 elementor-view-default elementor-widget elementor-widget-icon\" data-id=\"ef13075\" data-element_type=\"widget\" data-widget_type=\"icon.default\">\n\t\t\t\t<div class=\"elementor-widget-container\">\n\t\t\t\t\t\t\t<div class=\"elementor-icon-wrapper\">\n\t\t\t<div class=\"elementor-icon\">\n\t\t\t<svg aria-hidden=\"true\" class=\"e-font-icon-svg e-far-star\" viewBox=\"0 0 576 512\" xmlns=\"http:\/\/www.w3.org\/2000\/svg\"><path d=\"M528.1 171.5L382 150.2 316.7 17.8c-11.7-23.6-45.6-23.9-57.4 0L194 150.2 47.9 171.5c-26.2 3.8-36.7 36.1-17.7 54.6l105.7 103-25 145.5c-4.5 26.3 23.2 46 46.4 33.7L288 439.6l130.7 68.7c23.2 12.2 50.9-7.4 46.4-33.7l-25-145.5 105.7-103c19-18.5 8.5-50.8-17.7-54.6zM388.6 312.3l23.7 138.4L288 385.4l-124.3 65.3 23.7-138.4-100.6-98 139-20.2 62.2-126 62.2 126 139 20.2-100.6 98z\"><\/path><\/svg>\t\t\t<\/div>\n\t\t<\/div>\n\t\t\t\t\t\t<\/div>\n\t\t\t\t<\/div>\n\t\t<div class=\"elementor-element elementor-element-b9c6e93 e-con-full e-flex e-con e-child\" data-id=\"b9c6e93\" data-element_type=\"container\">\n\t\t<div class=\"elementor-element elementor-element-9a4bbb9 e-con-full e-flex e-con e-child\" data-id=\"9a4bbb9\" data-element_type=\"container\">\n\t\t\t\t<div class=\"elementor-element elementor-element-b0bc072 dark-logo-img elementor-widget elementor-widget-image\" data-id=\"b0bc072\" data-element_type=\"widget\" data-widget_type=\"image.default\">\n\t\t\t\t<div class=\"elementor-widget-container\">\n\t\t\t\t\t\t\t\t\t\t\t\t\t\t\t<img data-recalc-dims=\"1\" decoding=\"async\" src=\"https:\/\/i0.wp.com\/desdezero.com.co\/mha2025\/wp-content\/plugins\/elementor\/assets\/images\/placeholder.png?w=1170&#038;ssl=1\" title=\"\" alt=\"\" loading=\"lazy\" \/>\t\t\t\t\t\t\t\t\t\t\t\t\t\t\t<\/div>\n\t\t\t\t<\/div>\n\t\t\t\t<\/div>\n\t\t<div class=\"elementor-element elementor-element-d5d769f e-con-full e-flex e-con e-child\" data-id=\"d5d769f\" data-element_type=\"container\">\n\t\t\t\t<div class=\"elementor-element elementor-element-f195232 elementor-widget elementor-widget-heading\" data-id=\"f195232\" data-element_type=\"widget\" data-widget_type=\"heading.default\">\n\t\t\t\t<div class=\"elementor-widget-container\">\n\t\t\t\t\t<h2 class=\"elementor-heading-title elementor-size-default\">20 a\u00f1os de experiencia<\/h2>\t\t\t\t<\/div>\n\t\t\t\t<\/div>\n\t\t\t\t<div class=\"elementor-element elementor-element-9eddf17 elementor-widget elementor-widget-heading\" data-id=\"9eddf17\" data-element_type=\"widget\" data-widget_type=\"heading.default\">\n\t\t\t\t<div class=\"elementor-widget-container\">\n\t\t\t\t\t<h2 class=\"elementor-heading-title elementor-size-default\">En el mercado nacional<\/h2>\t\t\t\t<\/div>\n\t\t\t\t<\/div>\n\t\t\t\t<\/div>\n\t\t\t\t<\/div>\n\t\t\t\t<div class=\"elementor-element elementor-element-10387af elementor-view-default elementor-widget elementor-widget-icon\" data-id=\"10387af\" data-element_type=\"widget\" data-widget_type=\"icon.default\">\n\t\t\t\t<div class=\"elementor-widget-container\">\n\t\t\t\t\t\t\t<div class=\"elementor-icon-wrapper\">\n\t\t\t<div class=\"elementor-icon\">\n\t\t\t<svg aria-hidden=\"true\" class=\"e-font-icon-svg e-far-flag\" viewBox=\"0 0 512 512\" xmlns=\"http:\/\/www.w3.org\/2000\/svg\"><path d=\"M336.174 80c-49.132 0-93.305-32-161.913-32-31.301 0-58.303 6.482-80.721 15.168a48.04 48.04 0 0 0 2.142-20.727C93.067 19.575 74.167 1.594 51.201.104 23.242-1.71 0 20.431 0 48c0 17.764 9.657 33.262 24 41.562V496c0 8.837 7.163 16 16 16h16c8.837 0 16-7.163 16-16v-83.443C109.869 395.28 143.259 384 199.826 384c49.132 0 93.305 32 161.913 32 58.479 0 101.972-22.617 128.548-39.981C503.846 367.161 512 352.051 512 335.855V95.937c0-34.459-35.264-57.768-66.904-44.117C409.193 67.309 371.641 80 336.174 80zM464 336c-21.783 15.412-60.824 32-102.261 32-59.945 0-102.002-32-161.913-32-43.361 0-96.379 9.403-127.826 24V128c21.784-15.412 60.824-32 102.261-32 59.945 0 102.002 32 161.913 32 43.271 0 96.32-17.366 127.826-32v240z\"><\/path><\/svg>\t\t\t<\/div>\n\t\t<\/div>\n\t\t\t\t\t\t<\/div>\n\t\t\t\t<\/div>\n\t\t<div class=\"elementor-element elementor-element-b6474a7 e-con-full e-flex e-con e-child\" data-id=\"b6474a7\" data-element_type=\"container\">\n\t\t<div class=\"elementor-element elementor-element-a9e6f41 e-con-full e-flex e-con e-child\" data-id=\"a9e6f41\" data-element_type=\"container\">\n\t\t\t\t<div class=\"elementor-element elementor-element-89b19b2 dark-logo-img elementor-widget elementor-widget-image\" data-id=\"89b19b2\" data-element_type=\"widget\" data-widget_type=\"image.default\">\n\t\t\t\t<div class=\"elementor-widget-container\">\n\t\t\t\t\t\t\t\t\t\t\t\t\t\t\t<img data-recalc-dims=\"1\" decoding=\"async\" src=\"https:\/\/i0.wp.com\/desdezero.com.co\/mha2025\/wp-content\/plugins\/elementor\/assets\/images\/placeholder.png?w=1170&#038;ssl=1\" title=\"\" alt=\"\" loading=\"lazy\" \/>\t\t\t\t\t\t\t\t\t\t\t\t\t\t\t<\/div>\n\t\t\t\t<\/div>\n\t\t\t\t<\/div>\n\t\t<div class=\"elementor-element elementor-element-cac53fd e-con-full e-flex e-con e-child\" data-id=\"cac53fd\" data-element_type=\"container\">\n\t\t\t\t<div class=\"elementor-element elementor-element-13b094a elementor-widget elementor-widget-heading\" data-id=\"13b094a\" data-element_type=\"widget\" data-widget_type=\"heading.default\">\n\t\t\t\t<div class=\"elementor-widget-container\">\n\t\t\t\t\t<h2 class=\"elementor-heading-title elementor-size-default\">Grandes proyectos<\/h2>\t\t\t\t<\/div>\n\t\t\t\t<\/div>\n\t\t\t\t<div class=\"elementor-element elementor-element-bd9d36c elementor-widget elementor-widget-heading\" data-id=\"bd9d36c\" data-element_type=\"widget\" data-widget_type=\"heading.default\">\n\t\t\t\t<div class=\"elementor-widget-container\">\n\t\t\t\t\t<h2 class=\"elementor-heading-title elementor-size-default\">Presente en el mercado nacional<\/h2>\t\t\t\t<\/div>\n\t\t\t\t<\/div>\n\t\t\t\t<\/div>\n\t\t\t\t<\/div>\n\t\t\t\t<\/div>\n\t\t\t\t\t<\/div>\n\t\t\t\t<\/div>\n\t\t\t\t<\/div>\n\t\t\t\t<\/div>\n\t\t","protected":false},"excerpt":{"rendered":"<p>Soporte Humano MHA Colombia es una empresa que cuenta con un gran soporte humano y tecnol\u00f3gico, el cual le permite ofrecer a todos sus clientes y socios comerciales la posibilidad<\/p>\n","protected":false},"author":1,"featured_media":0,"parent":0,"menu_order":0,"comment_status":"closed","ping_status":"closed","template":"","meta":{"advanced_seo_description":"","jetpack_seo_html_title":"","jetpack_seo_noindex":false,"footnotes":""},"class_list":["post-15321","page","type-page","status-publish","hentry"],"jetpack_likes_enabled":true,"jetpack_sharing_enabled":true,"_links":{"self":[{"href":"https:\/\/desdezero.com.co\/mha2025\/wp-json\/wp\/v2\/pages\/15321","targetHints":{"allow":["GET"]}}],"collection":[{"href":"https:\/\/desdezero.com.co\/mha2025\/wp-json\/wp\/v2\/pages"}],"about":[{"href":"https:\/\/desdezero.com.co\/mha2025\/wp-json\/wp\/v2\/types\/page"}],"author":[{"embeddable":true,"href":"https:\/\/desdezero.com.co\/mha2025\/wp-json\/wp\/v2\/users\/1"}],"replies":[{"embeddable":true,"href":"https:\/\/desdezero.com.co\/mha2025\/wp-json\/wp\/v2\/comments?post=15321"}],"version-history":[{"count":20,"href":"https:\/\/desdezero.com.co\/mha2025\/wp-json\/wp\/v2\/pages\/15321\/revisions"}],"predecessor-version":[{"id":15354,"href":"https:\/\/desdezero.com.co\/mha2025\/wp-json\/wp\/v2\/pages\/15321\/revisions\/15354"}],"wp:attachment":[{"href":"https:\/\/desdezero.com.co\/mha2025\/wp-json\/wp\/v2\/media?parent=15321"}],"curies":[{"name":"wp","href":"https:\/\/api.w.org\/{rel}","templated":true}]}}