{"id":15355,"date":"2025-02-05T12:27:31","date_gmt":"2025-02-05T12:27:31","guid":{"rendered":"https:\/\/desdezero.com.co\/mha2025\/?page_id=15355"},"modified":"2025-02-05T12:42:06","modified_gmt":"2025-02-05T12:42:06","slug":"amaestramiento-e-igualamiento-de-llaves","status":"publish","type":"page","link":"https:\/\/desdezero.com.co\/mha2025\/amaestramiento-e-igualamiento-de-llaves\/","title":{"rendered":"Amaestramiento e igualamiento de llaves"},"content":{"rendered":"\t\t<div data-elementor-type=\"wp-page\" data-elementor-id=\"15355\" class=\"elementor elementor-15355\">\n\t\t\t\t<div class=\"elementor-element elementor-element-2f5de9a e-flex e-con-boxed e-con e-parent\" data-id=\"2f5de9a\" data-element_type=\"container\">\n\t\t\t\t\t<div class=\"e-con-inner\">\n\t\t<div class=\"elementor-element elementor-element-3ad224e e-con-full e-flex e-con e-child\" data-id=\"3ad224e\" data-element_type=\"container\">\n\t\t\t\t<div class=\"elementor-element elementor-element-10428ff elementor-widget elementor-widget-image\" data-id=\"10428ff\" data-element_type=\"widget\" data-widget_type=\"image.default\">\n\t\t\t\t<div class=\"elementor-widget-container\">\n\t\t\t\t\t\t\t\t\t\t\t\t\t\t\t<img fetchpriority=\"high\" decoding=\"async\" width=\"2048\" height=\"883\" src=\"https:\/\/i0.wp.com\/desdezero.com.co\/mha2025\/wp-content\/uploads\/2025\/02\/amaestramiento-igualamiento-de-llaves-2048x883-1.jpg?fit=2048%2C883&amp;ssl=1\" class=\"attachment-full size-full wp-image-15346\" alt=\"\" srcset=\"https:\/\/i0.wp.com\/desdezero.com.co\/mha2025\/wp-content\/uploads\/2025\/02\/amaestramiento-igualamiento-de-llaves-2048x883-1.jpg?w=2048&amp;ssl=1 2048w, https:\/\/i0.wp.com\/desdezero.com.co\/mha2025\/wp-content\/uploads\/2025\/02\/amaestramiento-igualamiento-de-llaves-2048x883-1.jpg?resize=300%2C129&amp;ssl=1 300w, https:\/\/i0.wp.com\/desdezero.com.co\/mha2025\/wp-content\/uploads\/2025\/02\/amaestramiento-igualamiento-de-llaves-2048x883-1.jpg?resize=1024%2C442&amp;ssl=1 1024w, https:\/\/i0.wp.com\/desdezero.com.co\/mha2025\/wp-content\/uploads\/2025\/02\/amaestramiento-igualamiento-de-llaves-2048x883-1.jpg?resize=768%2C331&amp;ssl=1 768w, https:\/\/i0.wp.com\/desdezero.com.co\/mha2025\/wp-content\/uploads\/2025\/02\/amaestramiento-igualamiento-de-llaves-2048x883-1.jpg?resize=1536%2C662&amp;ssl=1 1536w, https:\/\/i0.wp.com\/desdezero.com.co\/mha2025\/wp-content\/uploads\/2025\/02\/amaestramiento-igualamiento-de-llaves-2048x883-1.jpg?resize=600%2C259&amp;ssl=1 600w\" sizes=\"(max-width: 1170px) 100vw, 1170px\" \/>\t\t\t\t\t\t\t\t\t\t\t\t\t\t\t<\/div>\n\t\t\t\t<\/div>\n\t\t\t\t<\/div>\n\t\t\t\t\t<\/div>\n\t\t\t\t<\/div>\n\t\t<div class=\"elementor-element elementor-element-cba6c3a e-flex e-con-boxed e-con e-parent\" data-id=\"cba6c3a\" data-element_type=\"container\">\n\t\t\t\t\t<div class=\"e-con-inner\">\n\t\t<div class=\"elementor-element elementor-element-981ea71 e-con-full e-flex e-con e-child\" data-id=\"981ea71\" data-element_type=\"container\">\n\t\t\t\t<div class=\"elementor-element elementor-element-de206f0 elementor-widget elementor-widget-heading\" data-id=\"de206f0\" data-element_type=\"widget\" data-widget_type=\"heading.default\">\n\t\t\t\t<div class=\"elementor-widget-container\">\n\t\t\t\t\t<h2 class=\"elementor-heading-title elementor-size-default\">Soluciones en alta seguridad<\/h2>\t\t\t\t<\/div>\n\t\t\t\t<\/div>\n\t\t\t\t<div class=\"elementor-element elementor-element-afd17cd elementor-widget elementor-widget-text-editor\" data-id=\"afd17cd\" data-element_type=\"widget\" data-widget_type=\"text-editor.default\">\n\t\t\t\t<div class=\"elementor-widget-container\">\n\t\t\t\t\t\t\t\t\t<p>El sistema de amaestramiento permite una gran variedad de combinaciones y variaciones, manteniendo la autonom\u00eda de cierre de cada una de las puertas, optimizando su control y manejo, proporcionando todo tipo de combinaciones y amaestramientos, desde una sola maestra hasta una gran maestra. Con su alto grado de precisi\u00f3n, todos los amaestramientos se encuentran codificados, permitiendo reducir el manejo de diferentes llaves por una sola. Por todas estas ventajas, el sistema de amaestramiento es utilizado para comunidades de vecinos, viviendas unifamiliares, oficinas, f\u00e1bricas, hoteles, hospitales y cualquier instalaci\u00f3n de uso m\u00faltiple.<\/p><p>El amaestramiento simple es un grupo de cerraduras cada una con sus propias llaves individuales, y una llave maestra que abre todas las cerraduras. Apropiado para oficinas, almacenes, etc. El igualamiento consta en que todos los cilindros abren con la misma llave.<\/p>\t\t\t\t\t\t\t\t<\/div>\n\t\t\t\t<\/div>\n\t\t\t\t<\/div>\n\t\t\t\t\t<\/div>\n\t\t\t\t<\/div>\n\t\t\t\t<\/div>\n\t\t","protected":false},"excerpt":{"rendered":"<p>Soluciones en alta seguridad El sistema de amaestramiento permite una gran variedad de combinaciones y variaciones, manteniendo la autonom\u00eda de cierre de cada una de las puertas, optimizando su control<\/p>\n","protected":false},"author":1,"featured_media":0,"parent":0,"menu_order":0,"comment_status":"closed","ping_status":"closed","template":"","meta":{"advanced_seo_description":"","jetpack_seo_html_title":"","jetpack_seo_noindex":false,"footnotes":""},"class_list":["post-15355","page","type-page","status-publish","hentry"],"jetpack_likes_enabled":true,"jetpack_sharing_enabled":true,"_links":{"self":[{"href":"https:\/\/desdezero.com.co\/mha2025\/wp-json\/wp\/v2\/pages\/15355","targetHints":{"allow":["GET"]}}],"collection":[{"href":"https:\/\/desdezero.com.co\/mha2025\/wp-json\/wp\/v2\/pages"}],"about":[{"href":"https:\/\/desdezero.com.co\/mha2025\/wp-json\/wp\/v2\/types\/page"}],"author":[{"embeddable":true,"href":"https:\/\/desdezero.com.co\/mha2025\/wp-json\/wp\/v2\/users\/1"}],"replies":[{"embeddable":true,"href":"https:\/\/desdezero.com.co\/mha2025\/wp-json\/wp\/v2\/comments?post=15355"}],"version-history":[{"count":8,"href":"https:\/\/desdezero.com.co\/mha2025\/wp-json\/wp\/v2\/pages\/15355\/revisions"}],"predecessor-version":[{"id":15375,"href":"https:\/\/desdezero.com.co\/mha2025\/wp-json\/wp\/v2\/pages\/15355\/revisions\/15375"}],"wp:attachment":[{"href":"https:\/\/desdezero.com.co\/mha2025\/wp-json\/wp\/v2\/media?parent=15355"}],"curies":[{"name":"wp","href":"https:\/\/api.w.org\/{rel}","templated":true}]}}