{"id":15449,"date":"2025-02-05T15:37:48","date_gmt":"2025-02-05T15:37:48","guid":{"rendered":"https:\/\/desdezero.com.co\/mha2025\/?post_type=product&#038;p=15449"},"modified":"2025-04-03T12:01:00","modified_gmt":"2025-04-03T12:01:00","slug":"sensor-puerta-y-ventana-sd10","status":"publish","type":"product","link":"https:\/\/desdezero.com.co\/mha2025\/product\/sensor-puerta-y-ventana-sd10\/","title":{"rendered":"SENSOR PUERTA Y VENTANA SD10"},"content":{"rendered":"<div class=\"lb-details\">SENSOR DIGITAL PARA PUERTAS Y VENTANAS: accesorio digital que se instala en cualquier tipo de puerta (metal o madera) y notifica en el celular la apertura o cierre del mismo, adem\u00e1s tiene una alarma sonora en caso de apertura, esta alarma cuenta con un bot\u00f3n de activaci\u00f3n y desactivaci\u00f3n en el mismo sensor. Utiliza 2 bater\u00edas AAA (no incluidas).<\/div>\n<div><\/div>\n<div><a class=\"btn btn-ficha theme-btn style-one\" href=\"https:\/\/i0.wp.com\/desdezero.com.co\/mha2025\/wp-content\/uploads\/2025\/04\/FICHA-TECNICA-CERRADURAS-DIGITALES-08.png?ssl=1\" target=\"_blank\" rel=\"noopener\">Ver Ficha t\u00e9cnica <img data-recalc-dims=\"1\" decoding=\"async\" class=\"alignnone size-full wp-image-3606\" src=\"https:\/\/i0.wp.com\/mhacolombia.co\/wp-content\/uploads\/2022\/07\/flecha-gris-adelante.png?resize=16%2C16&#038;ssl=1\" alt=\"\" width=\"16\" height=\"16\" \/><\/a><\/div>\n","protected":false},"excerpt":{"rendered":"<div class=\"lb-details\"><strong>SENSOR DIGITAL PARA PUERTAS Y VENTANAS:<\/strong> accesorio digital que se instala en cualquier tipo de puerta (metal o madera) y notifica en el celular la apertura o cierre del mismo, adem\u00e1s tiene una alarma sonora en caso de apertura, esta alarma cuenta con un bot\u00f3n de activaci\u00f3n y desactivaci\u00f3n en el mismo sensor. Utiliza 2 bater\u00edas AAA (no incluidas).<\/div>\n<div><\/div>\n<div><a class=\"btn btn-ficha theme-btn style-one\" href=\"https:\/\/desdezero.com.co\/mha2025\/wp-content\/uploads\/2025\/04\/FICHA-TECNICA-CERRADURAS-DIGITALES-08.png\" target=\"_blank\" rel=\"noopener\">Ver Ficha t\u00e9cnica <img decoding=\"async\" class=\"alignnone size-full wp-image-3606\" src=\"https:\/\/mhacolombia.co\/wp-content\/uploads\/2022\/07\/flecha-gris-adelante.png\" alt=\"\" width=\"16\" height=\"16\" \/><\/a><\/div>\n<div>\n<p>&nbsp;<\/p>\n<p>&nbsp;<\/p>\n<\/div>\n","protected":false},"featured_media":15450,"comment_status":"closed","ping_status":"closed","template":"","meta":{"advanced_seo_description":"","jetpack_seo_html_title":"","jetpack_seo_noindex":false},"product_brand":[],"product_cat":[28],"product_tag":[],"class_list":{"0":"post-15449","1":"product","2":"type-product","3":"status-publish","4":"has-post-thumbnail","6":"product_cat-cerraduras-digitales","8":"first","9":"instock","10":"taxable","11":"shipping-taxable","12":"purchasable","13":"product-type-simple"},"jetpack_likes_enabled":true,"jetpack_sharing_enabled":true,"_links":{"self":[{"href":"https:\/\/desdezero.com.co\/mha2025\/wp-json\/wp\/v2\/product\/15449","targetHints":{"allow":["GET"]}}],"collection":[{"href":"https:\/\/desdezero.com.co\/mha2025\/wp-json\/wp\/v2\/product"}],"about":[{"href":"https:\/\/desdezero.com.co\/mha2025\/wp-json\/wp\/v2\/types\/product"}],"replies":[{"embeddable":true,"href":"https:\/\/desdezero.com.co\/mha2025\/wp-json\/wp\/v2\/comments?post=15449"}],"wp:featuredmedia":[{"embeddable":true,"href":"https:\/\/desdezero.com.co\/mha2025\/wp-json\/wp\/v2\/media\/15450"}],"wp:attachment":[{"href":"https:\/\/desdezero.com.co\/mha2025\/wp-json\/wp\/v2\/media?parent=15449"}],"wp:term":[{"taxonomy":"product_brand","embeddable":true,"href":"https:\/\/desdezero.com.co\/mha2025\/wp-json\/wp\/v2\/product_brand?post=15449"},{"taxonomy":"product_cat","embeddable":true,"href":"https:\/\/desdezero.com.co\/mha2025\/wp-json\/wp\/v2\/product_cat?post=15449"},{"taxonomy":"product_tag","embeddable":true,"href":"https:\/\/desdezero.com.co\/mha2025\/wp-json\/wp\/v2\/product_tag?post=15449"}],"curies":[{"name":"wp","href":"https:\/\/api.w.org\/{rel}","templated":true}]}}