{"id":2032,"date":"2022-05-02T09:43:12","date_gmt":"2022-05-02T09:43:12","guid":{"rendered":"https:\/\/desdezero.com.co\/mha2025\/?post_type=product&#038;p=2032"},"modified":"2025-02-07T20:41:40","modified_gmt":"2025-02-07T20:41:40","slug":"ref-70-c-00-cb","status":"publish","type":"product","link":"https:\/\/desdezero.com.co\/mha2025\/product\/ref-70-c-00-cb\/","title":{"rendered":"CERRADURA ESPECIAL PUERTAS ACORAZADAS Ref: 70.C"},"content":{"rendered":"<p><strong>CERRADURA ESPECIAL PUERTAS ACORAZADAS.<\/strong> Cerradura multipunto anti-palanca, Escudo protector de seguridad anti-extracci\u00f3n y anti-mordaza. Preparada para puntos de cierre superior e inferior. Pasadores de di\u00e1metro 18mm en acero endurecido, cuatro (4) vueltas. Pestillo (Picaporte) resbal\u00f3n reversible (puertas izquierdas o derechas). Mecanismo de embutir protegido en caja cerrada de acero. Cilindro de seguridad 80mm, 12 guardas y cinco (5) llaves de puntos niqueladas Acabado: Cromo Brillo.<\/p>\n","protected":false},"excerpt":{"rendered":"<p><strong>CERRADURA ESPECIAL PUERTAS ACORAZADAS.<\/strong> Cerradura multipunto anti-palanca, Escudo protector de seguridad anti-extracci\u00f3n y anti-mordaza. Preparada para puntos de cierre superior e inferior. Pasadores de di\u00e1metro 18mm en acero endurecido, cuatro (4) vueltas. Pestillo (Picaporte) resbal\u00f3n reversible (puertas izquierdas o derechas). Mecanismo de embutir protegido en caja cerrada de acero. Cilindro de seguridad 80mm, 12 guardas y cinco (5) llaves de puntos niqueladas Acabado: Cromo Brillo.<\/p>\n<p>&nbsp;<\/p>\n<p><a class=\"btn btn-ficha theme-btn style-one\" href=\"https:\/\/mhacolombia.co\/wp-content\/uploads\/2022\/05\/FICHA-TECNICA-CERRADURAS-PRINCIPALES-14.png\" target=\"_blank\" rel=\"noopener\">Ver Ficha t\u00e9cnica <img decoding=\"async\" class=\"alignnone size-full wp-image-3606\" src=\"https:\/\/mhacolombia.co\/wp-content\/uploads\/2022\/07\/flecha-gris-adelante.png\" alt=\"\" width=\"16\" height=\"16\" \/><\/a><\/p>\n<p>&nbsp;<\/p>\n","protected":false},"featured_media":2033,"comment_status":"closed","ping_status":"closed","template":"","meta":{"advanced_seo_description":"","jetpack_seo_html_title":"","jetpack_seo_noindex":false},"product_brand":[],"product_cat":[18],"product_tag":[],"class_list":{"0":"post-2032","1":"product","2":"type-product","3":"status-publish","4":"has-post-thumbnail","6":"product_cat-cerraduras-multipunto","8":"first","9":"instock","10":"taxable","11":"shipping-taxable","12":"purchasable","13":"product-type-simple"},"jetpack_likes_enabled":true,"jetpack_sharing_enabled":true,"_links":{"self":[{"href":"https:\/\/desdezero.com.co\/mha2025\/wp-json\/wp\/v2\/product\/2032","targetHints":{"allow":["GET"]}}],"collection":[{"href":"https:\/\/desdezero.com.co\/mha2025\/wp-json\/wp\/v2\/product"}],"about":[{"href":"https:\/\/desdezero.com.co\/mha2025\/wp-json\/wp\/v2\/types\/product"}],"replies":[{"embeddable":true,"href":"https:\/\/desdezero.com.co\/mha2025\/wp-json\/wp\/v2\/comments?post=2032"}],"wp:featuredmedia":[{"embeddable":true,"href":"https:\/\/desdezero.com.co\/mha2025\/wp-json\/wp\/v2\/media\/2033"}],"wp:attachment":[{"href":"https:\/\/desdezero.com.co\/mha2025\/wp-json\/wp\/v2\/media?parent=2032"}],"wp:term":[{"taxonomy":"product_brand","embeddable":true,"href":"https:\/\/desdezero.com.co\/mha2025\/wp-json\/wp\/v2\/product_brand?post=2032"},{"taxonomy":"product_cat","embeddable":true,"href":"https:\/\/desdezero.com.co\/mha2025\/wp-json\/wp\/v2\/product_cat?post=2032"},{"taxonomy":"product_tag","embeddable":true,"href":"https:\/\/desdezero.com.co\/mha2025\/wp-json\/wp\/v2\/product_tag?post=2032"}],"curies":[{"name":"wp","href":"https:\/\/api.w.org\/{rel}","templated":true}]}}