{"id":2098,"date":"2022-05-02T13:20:49","date_gmt":"2022-05-02T13:20:49","guid":{"rendered":"https:\/\/desdezero.com.co\/mha2025\/?post_type=product&#038;p=2098"},"modified":"2025-03-13T02:58:19","modified_gmt":"2025-03-13T02:58:19","slug":"ref-a-6011","status":"publish","type":"product","link":"https:\/\/desdezero.com.co\/mha2025\/product\/ref-a-6011\/","title":{"rendered":"BARRA ANTIPANICO SENCILLA PUSH BAR Ref: BA &#8211; 87 1P"},"content":{"rendered":"<p><strong>BARRA ANTIPANICO:<\/strong> Dispositivo de sobreponer de operaci\u00f3n mec\u00e1nica, f\u00e1cil reversibilidad, aplicable a puertas cortafuego, con pestillo lateral en zamak, accionamiento exterior mediante manilla modular (no incluido en el precio); cumple con la norma UL hasta 3 horas de exposicion al fuego y norma ANSI\/BHMA A 156.3( 2008) GRADO 1.<\/p>\n","protected":false},"excerpt":{"rendered":"<p><strong>BARRA ANTIPANICO:<\/strong> Dispositivo de sobreponer de operaci\u00f3n mec\u00e1nica, f\u00e1cil reversibilidad, aplicable a puertas cortafuego, con pestillo lateral en zamak, accionamiento exterior mediante manilla modular (no incluido en el precio); cumple con la norma UL hasta 3 horas de exposicion al fuego y norma ANSI\/BHMA A 156.3( 2008) GRADO 1.<\/p>\n<p>&nbsp;<\/p>\n<p><a class=\"btn btn-ficha theme-btn style-one\" href=\"https:\/\/mhacolombia.co\/wp-content\/uploads\/2022\/08\/BARRAS-ANTIPANICO-07.png\" target=\"_blank\" rel=\"noopener\">Ver Ficha t\u00e9cnica <img decoding=\"async\" class=\"alignnone size-full wp-image-3606\" src=\"https:\/\/mhacolombia.co\/wp-content\/uploads\/2022\/07\/flecha-gris-adelante.png\" alt=\"\" width=\"16\" height=\"16\" \/><\/a><\/p>\n<p>&nbsp;<\/p>\n","protected":false},"featured_media":2099,"comment_status":"closed","ping_status":"closed","template":"","meta":{"advanced_seo_description":"","jetpack_seo_html_title":"","jetpack_seo_noindex":false},"product_brand":[],"product_cat":[22],"product_tag":[],"class_list":{"0":"post-2098","1":"product","2":"type-product","3":"status-publish","4":"has-post-thumbnail","6":"product_cat-barras-antipanico-y-cierra-puertas","8":"first","9":"instock","10":"taxable","11":"shipping-taxable","12":"purchasable","13":"product-type-simple"},"jetpack_likes_enabled":true,"jetpack_sharing_enabled":true,"_links":{"self":[{"href":"https:\/\/desdezero.com.co\/mha2025\/wp-json\/wp\/v2\/product\/2098","targetHints":{"allow":["GET"]}}],"collection":[{"href":"https:\/\/desdezero.com.co\/mha2025\/wp-json\/wp\/v2\/product"}],"about":[{"href":"https:\/\/desdezero.com.co\/mha2025\/wp-json\/wp\/v2\/types\/product"}],"replies":[{"embeddable":true,"href":"https:\/\/desdezero.com.co\/mha2025\/wp-json\/wp\/v2\/comments?post=2098"}],"wp:featuredmedia":[{"embeddable":true,"href":"https:\/\/desdezero.com.co\/mha2025\/wp-json\/wp\/v2\/media\/2099"}],"wp:attachment":[{"href":"https:\/\/desdezero.com.co\/mha2025\/wp-json\/wp\/v2\/media?parent=2098"}],"wp:term":[{"taxonomy":"product_brand","embeddable":true,"href":"https:\/\/desdezero.com.co\/mha2025\/wp-json\/wp\/v2\/product_brand?post=2098"},{"taxonomy":"product_cat","embeddable":true,"href":"https:\/\/desdezero.com.co\/mha2025\/wp-json\/wp\/v2\/product_cat?post=2098"},{"taxonomy":"product_tag","embeddable":true,"href":"https:\/\/desdezero.com.co\/mha2025\/wp-json\/wp\/v2\/product_tag?post=2098"}],"curies":[{"name":"wp","href":"https:\/\/api.w.org\/{rel}","templated":true}]}}