{"id":2116,"date":"2022-05-02T13:41:06","date_gmt":"2022-05-02T13:41:06","guid":{"rendered":"https:\/\/desdezero.com.co\/mha2025\/?post_type=product&#038;p=2116"},"modified":"2025-03-12T23:10:40","modified_gmt":"2025-03-12T23:10:40","slug":"ref-r-240","status":"publish","type":"product","link":"https:\/\/desdezero.com.co\/mha2025\/product\/ref-r-240\/","title":{"rendered":"MANILLA CON ROSETA Ref: R-240"},"content":{"rendered":"<p><strong>MANILLA CON ROSETA:<\/strong> N\u00edquel Combinado (brillo-Sat\u00edn). Manillas con muelle de recuperaci\u00f3n, cuadrante de 8mm y tornillos pasantes. Incluye bocallaves. Acabado: Combinado N\u00edquel Satinado\/ Brillo.<\/p>\n","protected":false},"excerpt":{"rendered":"<p><strong>MANILLA CON ROSETA:<\/strong> N\u00edquel Combinado (brillo-Sat\u00edn). Manillas con muelle de recuperaci\u00f3n, cuadrante de 8mm y tornillos pasantes. Incluye bocallaves. Acabado: Combinado N\u00edquel Satinado\/ Brillo.<\/p>\n<p>&nbsp;<\/p>\n<p><a class=\"btn btn-ficha theme-btn style-one\" href=\"https:\/\/mhacolombia.co\/wp-content\/uploads\/2022\/05\/MANILLAS-CON-ROSETA-09.png\" target=\"_blank\" rel=\"noopener\">Ver Ficha t\u00e9cnica <img decoding=\"async\" class=\"alignnone size-full wp-image-3606\" src=\"https:\/\/mhacolombia.co\/wp-content\/uploads\/2022\/07\/flecha-gris-adelante.png\" alt=\"\" width=\"16\" height=\"16\" \/><\/a><\/p>\n<p>&nbsp;<\/p>\n","protected":false},"featured_media":2117,"comment_status":"closed","ping_status":"closed","template":"","meta":{"advanced_seo_description":"","jetpack_seo_html_title":"","jetpack_seo_noindex":false},"product_brand":[],"product_cat":[24],"product_tag":[],"class_list":{"0":"post-2116","1":"product","2":"type-product","3":"status-publish","4":"has-post-thumbnail","6":"product_cat-manijas-con-roseta","8":"first","9":"instock","10":"taxable","11":"shipping-taxable","12":"purchasable","13":"product-type-simple"},"jetpack_likes_enabled":true,"jetpack_sharing_enabled":true,"_links":{"self":[{"href":"https:\/\/desdezero.com.co\/mha2025\/wp-json\/wp\/v2\/product\/2116","targetHints":{"allow":["GET"]}}],"collection":[{"href":"https:\/\/desdezero.com.co\/mha2025\/wp-json\/wp\/v2\/product"}],"about":[{"href":"https:\/\/desdezero.com.co\/mha2025\/wp-json\/wp\/v2\/types\/product"}],"replies":[{"embeddable":true,"href":"https:\/\/desdezero.com.co\/mha2025\/wp-json\/wp\/v2\/comments?post=2116"}],"wp:featuredmedia":[{"embeddable":true,"href":"https:\/\/desdezero.com.co\/mha2025\/wp-json\/wp\/v2\/media\/2117"}],"wp:attachment":[{"href":"https:\/\/desdezero.com.co\/mha2025\/wp-json\/wp\/v2\/media?parent=2116"}],"wp:term":[{"taxonomy":"product_brand","embeddable":true,"href":"https:\/\/desdezero.com.co\/mha2025\/wp-json\/wp\/v2\/product_brand?post=2116"},{"taxonomy":"product_cat","embeddable":true,"href":"https:\/\/desdezero.com.co\/mha2025\/wp-json\/wp\/v2\/product_cat?post=2116"},{"taxonomy":"product_tag","embeddable":true,"href":"https:\/\/desdezero.com.co\/mha2025\/wp-json\/wp\/v2\/product_tag?post=2116"}],"curies":[{"name":"wp","href":"https:\/\/api.w.org\/{rel}","templated":true}]}}