{"id":2838,"date":"2022-06-16T16:56:54","date_gmt":"2022-06-16T16:56:54","guid":{"rendered":"https:\/\/desdezero.com.co\/mha2025\/?post_type=product&#038;p=2838"},"modified":"2025-04-09T14:38:33","modified_gmt":"2025-04-09T14:38:33","slug":"cerradura-digital-hc-121","status":"publish","type":"product","link":"https:\/\/desdezero.com.co\/mha2025\/product\/cerradura-digital-hc-121\/","title":{"rendered":"CERROJO DIGITAL DE 1 PASADOR Ref. HC 121"},"content":{"rendered":"<div class=\"lb-details\">Backset ajustable a 60-70 mm, funcionamiento por aplicaci\u00f3n, modos de apertura: bluetooth, huella, clave, tarjeta proximidad, llave de seguridad, almacenamiento 99 huellas, 99 claves; para puertas hasta de 55mm de espesor de madera o metal y izquierdas o derechas; energ\u00eda: 4 bater\u00edas AA, integraci\u00f3n a conexi\u00f3n WIFI por accesorio (no incluido).<\/div>\n<div><\/div>\n<div><a class=\"btn btn-ficha theme-btn style-one\" href=\"https:\/\/i0.wp.com\/desdezero.com.co\/mha2025\/wp-content\/uploads\/2025\/04\/HC-121.png?ssl=1\" target=\"_blank\" rel=\"noopener\">Ver Ficha t\u00e9cnica <img data-recalc-dims=\"1\" decoding=\"async\" class=\"alignnone size-full wp-image-3606\" src=\"https:\/\/i0.wp.com\/mhacolombia.co\/wp-content\/uploads\/2022\/07\/flecha-gris-adelante.png?resize=16%2C16&#038;ssl=1\" alt=\"\" width=\"16\" height=\"16\" \/><\/a><\/div>\n","protected":false},"excerpt":{"rendered":"<div class=\"lb-details\"><strong>CERROJO DIGITAL DE 1 PASADOR:<\/strong> Backset ajustable a 60-70 mm, funcionamiento por aplicaci\u00f3n, modos de apertura: bluetooth, huella, clave, tarjeta proximidad, llave de seguridad, almacenamiento 99 huellas, 99 claves; para puertas hasta de 55mm de espesor de madera o metal y izquierdas o derechas; energ\u00eda: 4 bater\u00edas AAA, integraci\u00f3n a conexi\u00f3n WIFI por accesorio (no incluido).<\/div>\n<div>\n<p>&nbsp;<\/p>\n<p><a class=\"btn btn-ficha theme-btn style-one\" href=\"https:\/\/desdezero.com.co\/mha2025\/wp-content\/uploads\/2025\/04\/HC-121.png\" target=\"_blank\" rel=\"noopener\">Ver Ficha t\u00e9cnica <img decoding=\"async\" class=\"alignnone size-full wp-image-3606\" src=\"https:\/\/mhacolombia.co\/wp-content\/uploads\/2022\/07\/flecha-gris-adelante.png\" alt=\"\" width=\"16\" height=\"16\" \/><\/a><\/p>\n<p>&nbsp;<\/p>\n<\/div>\n<div id=\"gtx-trans\" style=\"position: absolute; left: -31px; top: 110px;\">\n<div class=\"gtx-trans-icon\"><\/div>\n<\/div>\n","protected":false},"featured_media":15448,"comment_status":"closed","ping_status":"closed","template":"","meta":{"advanced_seo_description":"","jetpack_seo_html_title":"","jetpack_seo_noindex":false},"product_brand":[],"product_cat":[28],"product_tag":[],"class_list":{"0":"post-2838","1":"product","2":"type-product","3":"status-publish","4":"has-post-thumbnail","6":"product_cat-cerraduras-digitales","8":"first","9":"instock","10":"taxable","11":"shipping-taxable","12":"purchasable","13":"product-type-simple"},"jetpack_likes_enabled":true,"jetpack_sharing_enabled":true,"_links":{"self":[{"href":"https:\/\/desdezero.com.co\/mha2025\/wp-json\/wp\/v2\/product\/2838","targetHints":{"allow":["GET"]}}],"collection":[{"href":"https:\/\/desdezero.com.co\/mha2025\/wp-json\/wp\/v2\/product"}],"about":[{"href":"https:\/\/desdezero.com.co\/mha2025\/wp-json\/wp\/v2\/types\/product"}],"replies":[{"embeddable":true,"href":"https:\/\/desdezero.com.co\/mha2025\/wp-json\/wp\/v2\/comments?post=2838"}],"wp:featuredmedia":[{"embeddable":true,"href":"https:\/\/desdezero.com.co\/mha2025\/wp-json\/wp\/v2\/media\/15448"}],"wp:attachment":[{"href":"https:\/\/desdezero.com.co\/mha2025\/wp-json\/wp\/v2\/media?parent=2838"}],"wp:term":[{"taxonomy":"product_brand","embeddable":true,"href":"https:\/\/desdezero.com.co\/mha2025\/wp-json\/wp\/v2\/product_brand?post=2838"},{"taxonomy":"product_cat","embeddable":true,"href":"https:\/\/desdezero.com.co\/mha2025\/wp-json\/wp\/v2\/product_cat?post=2838"},{"taxonomy":"product_tag","embeddable":true,"href":"https:\/\/desdezero.com.co\/mha2025\/wp-json\/wp\/v2\/product_tag?post=2838"}],"curies":[{"name":"wp","href":"https:\/\/api.w.org\/{rel}","templated":true}]}}