{"id":3624,"date":"2023-04-20T13:55:48","date_gmt":"2023-04-20T13:55:48","guid":{"rendered":"https:\/\/desdezero.com.co\/mha2025\/?post_type=product&#038;p=3624"},"modified":"2025-02-05T15:17:01","modified_gmt":"2025-02-05T15:17:01","slug":"cerradura-digital-con-manija-ref-hc-521","status":"publish","type":"product","link":"https:\/\/desdezero.com.co\/mha2025\/product\/cerradura-digital-con-manija-ref-hc-521\/","title":{"rendered":"CERRADURA DIGITAL CON MANIJA Ref. HC 521"},"content":{"rendered":"<div class=\"lb-details\">\n<p>Cerradura principal con sistema anti-tarjeta, 3 pasadores cuadrados en acero endurecido, pasador nocturno adicional y backset a 60 mm.<\/p>\n<p>Aplicaciones compatibles: app TUYA para ios 7.0 \/ android 4.4. o superiores.<\/p>\n<p>Modos de acceso:<\/p>\n<\/div>\n<ul>\n<li>Huella dactilar<\/li>\n<li>Llave de seguridad<\/li>\n<li>Tarjeta RF<\/li>\n<li>Bluetooth<\/li>\n<li>Clave<\/li>\n<\/ul>\n","protected":false},"excerpt":{"rendered":"<div class=\"lb-details\">\n<p><strong>CERRADURA DIGITAL CON MANIJA:<\/strong> Backset a 60 mm, funcionamiento por aplicaci\u00f3n, modos de apertura: bluetooth, huella, clave, tarjeta proximidad, llave de seguridad, almacenamiento 99 huellas, 99 claves; para puertas hasta de 55mm de espesor de madera o metal y izquierdas o derechas; energ\u00eda: 4 bater\u00edas AAA, integraci\u00f3n a conexi\u00f3n WIFI por accesorio incluido. Alarma de apertura; pestillo (picaporte) resbal\u00f3n reversible, con 3 pasadores en acero endurecido de 10x20mm y un pasador adicional con funcion de cerrojo nocturno. Opcional mecanismo para anclaje al techo y al piso.<\/p>\n<p>&nbsp;<\/p>\n<p><a class=\"btn btn-ficha theme-btn style-one\" href=\"https:\/\/mhacolombia.co\/wp-content\/uploads\/2023\/03\/HC-521.png\" target=\"_blank\" rel=\"noopener\">Ver Ficha t\u00e9cnica <img decoding=\"async\" class=\"alignnone size-full wp-image-3606\" src=\"https:\/\/mhacolombia.co\/wp-content\/uploads\/2022\/07\/flecha-gris-adelante.png\" alt=\"\" width=\"16\" height=\"16\" \/><\/a><\/p>\n<p>&nbsp;<\/p>\n<\/div>\n","protected":false},"featured_media":3625,"comment_status":"closed","ping_status":"closed","template":"","meta":{"advanced_seo_description":"","jetpack_seo_html_title":"","jetpack_seo_noindex":false},"product_brand":[],"product_cat":[28],"product_tag":[],"class_list":{"0":"post-3624","1":"product","2":"type-product","3":"status-publish","4":"has-post-thumbnail","6":"product_cat-cerraduras-digitales","8":"first","9":"instock","10":"taxable","11":"shipping-taxable","12":"purchasable","13":"product-type-simple"},"jetpack_likes_enabled":true,"jetpack_sharing_enabled":true,"_links":{"self":[{"href":"https:\/\/desdezero.com.co\/mha2025\/wp-json\/wp\/v2\/product\/3624","targetHints":{"allow":["GET"]}}],"collection":[{"href":"https:\/\/desdezero.com.co\/mha2025\/wp-json\/wp\/v2\/product"}],"about":[{"href":"https:\/\/desdezero.com.co\/mha2025\/wp-json\/wp\/v2\/types\/product"}],"replies":[{"embeddable":true,"href":"https:\/\/desdezero.com.co\/mha2025\/wp-json\/wp\/v2\/comments?post=3624"}],"wp:featuredmedia":[{"embeddable":true,"href":"https:\/\/desdezero.com.co\/mha2025\/wp-json\/wp\/v2\/media\/3625"}],"wp:attachment":[{"href":"https:\/\/desdezero.com.co\/mha2025\/wp-json\/wp\/v2\/media?parent=3624"}],"wp:term":[{"taxonomy":"product_brand","embeddable":true,"href":"https:\/\/desdezero.com.co\/mha2025\/wp-json\/wp\/v2\/product_brand?post=3624"},{"taxonomy":"product_cat","embeddable":true,"href":"https:\/\/desdezero.com.co\/mha2025\/wp-json\/wp\/v2\/product_cat?post=3624"},{"taxonomy":"product_tag","embeddable":true,"href":"https:\/\/desdezero.com.co\/mha2025\/wp-json\/wp\/v2\/product_tag?post=3624"}],"curies":[{"name":"wp","href":"https:\/\/api.w.org\/{rel}","templated":true}]}}